{"id":1120,"date":"2025-02-14T13:13:56","date_gmt":"2025-02-14T12:13:56","guid":{"rendered":"https:\/\/lapistouflerie.com\/?page_id=1120"},"modified":"2026-04-02T17:26:40","modified_gmt":"2026-04-02T15:26:40","slug":"lire-ecrire-conter","status":"publish","type":"page","link":"https:\/\/lapistouflerie.com\/index.php\/lire-ecrire-conter\/","title":{"rendered":"Lire, \u00c9crire, Conter"},"content":{"rendered":"\n<p class=\"has-black-color has-text-color has-link-color wp-elements-7acf19d35c410d172ae43fa5ef94cc60\">La Pistouflerie impulse une nouvelle activit\u00e9 entre ses murs : vous r\u00eavez d\u2019une (petite) tribune bienveillante pour lire vos textes ? Vous souhaitez partager un passage de ce livre qui vous a touch\u00e9, transport\u00e9, \u00e9mu ou fait r\u00e9fl\u00e9chir ? Vous vous sentez conteur d\u2019histoires ? Vous avez encore au fond de vous cet enfant qui adorait en \u00e9couter ? Lire Ecrire Conter est fait pour vous.<\/p>\n\n\n\n<p><strong>TOUS LES TROISI\u00c8MES SAMEDIS DU MOIS<\/strong><\/p>\n","protected":false},"excerpt":{"rendered":"<p>La Pistouflerie impulse une nouvelle activit\u00e9 entre ses murs : vous r\u00eavez d\u2019une (petite) tribune bienveillante pour lire vos textes &hellip; <\/p>\n","protected":false},"author":1,"featured_media":1122,"parent":0,"menu_order":0,"comment_status":"closed","ping_status":"closed","template":"","meta":{"footnotes":""},"class_list":["post-1120","page","type-page","status-publish","has-post-thumbnail","hentry"],"_links":{"self":[{"href":"https:\/\/lapistouflerie.com\/index.php\/wp-json\/wp\/v2\/pages\/1120","targetHints":{"allow":["GET"]}}],"collection":[{"href":"https:\/\/lapistouflerie.com\/index.php\/wp-json\/wp\/v2\/pages"}],"about":[{"href":"https:\/\/lapistouflerie.com\/index.php\/wp-json\/wp\/v2\/types\/page"}],"author":[{"embeddable":true,"href":"https:\/\/lapistouflerie.com\/index.php\/wp-json\/wp\/v2\/users\/1"}],"replies":[{"embeddable":true,"href":"https:\/\/lapistouflerie.com\/index.php\/wp-json\/wp\/v2\/comments?post=1120"}],"version-history":[{"count":6,"href":"https:\/\/lapistouflerie.com\/index.php\/wp-json\/wp\/v2\/pages\/1120\/revisions"}],"predecessor-version":[{"id":1742,"href":"https:\/\/lapistouflerie.com\/index.php\/wp-json\/wp\/v2\/pages\/1120\/revisions\/1742"}],"wp:featuredmedia":[{"embeddable":true,"href":"https:\/\/lapistouflerie.com\/index.php\/wp-json\/wp\/v2\/media\/1122"}],"wp:attachment":[{"href":"https:\/\/lapistouflerie.com\/index.php\/wp-json\/wp\/v2\/media?parent=1120"}],"curies":[{"name":"wp","href":"https:\/\/api.w.org\/{rel}","templated":true}]}}