{"id":321,"date":"2023-12-18T13:09:36","date_gmt":"2023-12-18T12:09:36","guid":{"rendered":"https:\/\/lapistouflerie.com\/?page_id=321"},"modified":"2025-06-04T13:15:13","modified_gmt":"2025-06-04T11:15:13","slug":"pistouval-2025","status":"publish","type":"page","link":"https:\/\/lapistouflerie.com\/index.php\/pistouval-2025\/","title":{"rendered":"PISTOUVAL 2025"},"content":{"rendered":"\n<p class=\"has-superbfont-large-font-size\"><strong>Les 25, 26 et 27 juillet !<\/strong><\/p>\n\n\n\n<p class=\"has-black-color has-text-color has-link-color wp-elements-02154128006f6427945912d902a7b0ec\">En 2025, le Pistouval f\u00eate <strong>sa 11e \u00e9dition<\/strong> \u00e0 Cassagnab\u00e8re-Tournas, sur l&rsquo;espace en plein air juste \u00e0 c\u00f4t\u00e9 de votre Pistou pr\u00e9f\u00e9r\u00e9e ! Venez nombreux.ses (re)d\u00e9couvrir des artistes incroyables et partager des moments inoubliables&#8230;<\/p>\n\n\n\n<p class=\"has-black-color has-text-color has-link-color wp-elements-fcb788590293e6ac1eca8cf55d3c6ac3\"><strong>Vous pouvez acheter vos billets sur place ou d\u00e8s maintenant via le lien suivant : <\/strong><a href=\"https:\/\/www.helloasso.com\/associations\/devenementiel-31\/evenements\/pistouval-2025\">https:\/\/www.helloasso.com\/associations\/devenementiel-31\/evenements\/pistouval-2025<\/a><\/p>\n\n\n\n<p class=\"has-superbfont-large-font-size\"><strong>Au programme<\/strong>&#8230;<\/p>\n\n\n\n<p class=\"has-black-color has-text-color has-link-color wp-elements-44d0e1ad56b7363105e9ed7650cd84a9\">Le <strong>march\u00e9 artisanal<\/strong> revient avec ses cr\u00e9ateur\u00b7ices de talent et se tiendra devant le site du Pistouval !<br>Cette ann\u00e9e, <strong>le Schmilblick Club &#8211; Man\u00e8ge System<\/strong> viendra faire danser les petits et les grands tout le weekend !<br>Retrouvez aussi <strong>les foodtrucks<\/strong> : Karr A Mel&rsquo;, Z\u00e9phine, E&rsquo;P\u00e2tes &amp; Vous<\/p>\n\n\n\n<p class=\"has-black-color has-text-color has-link-color wp-elements-4391f2b299f8da90c1df783af72b2b82\"><strong>Envie de vous d\u00e9guiser ?<\/strong> \u00c7a tombe bien !<br>Cette ann\u00e9e, nous sommes toutes et tous invit\u00e9\u00b7es \u00e0 nous d\u00e9guiser les 3 soirs et particuli\u00e8rement le samedi, car un d\u00e9fil\u00e9 sera peut-\u00eatre organis\u00e9 entre deux concerts ! \ud83d\ude42 L&rsquo;ambiance cette fois sera <strong>\u00ab\u00a0Oc\u00e9anesque\u00a0\u00bb<\/strong>, alors pourquoi ne pas nager dans le d\u00e9cor ? \u00c0 chacun\u00b7e d&rsquo;interpr\u00e9ter le th\u00e8me comme il l&rsquo;entend\u2026<br>Quelques mots en vrac : Oc\u00e9an, Animaux des Abysses ou des Rochers, Contes et L\u00e9gendes, Algues et Bulles, R\u00e9cup&rsquo;, Mer de Plastique, Bleu, Transparence\u2026<br>Arrosez tout \u00e7a d&rsquo;une bonne dose d&rsquo;humour et d&rsquo;un peu de sauce rock&rsquo;n roll ! L&rsquo;id\u00e9e, c&rsquo;est de ne surtout pas se prendre au s\u00e9rieux. \u00c7a vous parle ? Alors \u00e0 tous les bricolo-cr\u00e9atifs : \u00e0 vos ciseaux, clous et id\u00e9es farfelues !<\/p>\n\n\n\n<p><strong>Vendredi 25 juillet<\/strong><br>Retrouvez <a href=\"https:\/\/lapistouflerie.com\/index.php\/vendredi-25-juillet\/\">la programmation en d\u00e9tail du vendredi ici.<\/a><\/p>\n\n\n\n<p class=\"has-black-color has-text-color has-link-color wp-elements-001440c94c3fdf4a1eae6c085e20177f\"><strong>18h : <\/strong>Ouverture des portes<br>Akoni Astrobeat<br>Mama Said<br>Heeka<br>Inhoa<\/p>\n\n\n\n<p><strong>Samedi 26 juillet<\/strong><br>Retrouvez <a href=\"https:\/\/lapistouflerie.com\/index.php\/samedi-26-juillet\/\">la programmation en d\u00e9tail du samedi ici.<\/a><\/p>\n\n\n\n<p class=\"has-black-color has-text-color has-link-color wp-elements-3e625723ca7d2a5b22fc897b5829e0b2\"><strong>18h : <\/strong>Ouverture des portes<br>Pneumatic Serenaders<br>MKBB<br>Johnny Makam<br>DJ Madzikila Saw<\/p>\n\n\n\n<p><strong>Dimanche 27 juillet<\/strong><br>Retrouvez <a href=\"https:\/\/lapistouflerie.com\/index.php\/dimanche-27-juillet\/\">la programmation en d\u00e9tail du dimanche ici.<\/a><\/p>\n\n\n\n<p class=\"has-black-color has-text-color has-link-color wp-elements-d204c9befc1c65de851f8fd40c020265\"><strong>16h30 :<\/strong> Ouverture des portes<br>Tachou La Magie<br>Gwen&rsquo;N&rsquo;Roses<br>Eole Dub<br>DJ Weronika+Tbili<\/p>\n\n\n\n<p class=\"has-superbfont-large-font-size\"><strong>Vous souhaitez b\u00e9n\u00e9voler au Pistouval 2025 ? Vous avez bien raison !..<\/strong><\/p>\n\n\n\n<p class=\"has-black-color has-text-color has-link-color wp-elements-c26e21424e5ad34e456efa3e3cc2d675\">Contactez Anne-Laure ou Nathalie \u00e0 cette adresse :<strong>&nbsp;lapistouflerie@gmail.com<\/strong><\/p>\n","protected":false},"excerpt":{"rendered":"<p>Les 25, 26 et 27 juillet ! En 2025, le Pistouval f\u00eate sa 11e \u00e9dition \u00e0 Cassagnab\u00e8re-Tournas, sur l&rsquo;espace en &hellip; <\/p>\n","protected":false},"author":1,"featured_media":1269,"parent":0,"menu_order":0,"comment_status":"closed","ping_status":"closed","template":"","meta":{"footnotes":""},"class_list":["post-321","page","type-page","status-publish","has-post-thumbnail","hentry"],"_links":{"self":[{"href":"https:\/\/lapistouflerie.com\/index.php\/wp-json\/wp\/v2\/pages\/321","targetHints":{"allow":["GET"]}}],"collection":[{"href":"https:\/\/lapistouflerie.com\/index.php\/wp-json\/wp\/v2\/pages"}],"about":[{"href":"https:\/\/lapistouflerie.com\/index.php\/wp-json\/wp\/v2\/types\/page"}],"author":[{"embeddable":true,"href":"https:\/\/lapistouflerie.com\/index.php\/wp-json\/wp\/v2\/users\/1"}],"replies":[{"embeddable":true,"href":"https:\/\/lapistouflerie.com\/index.php\/wp-json\/wp\/v2\/comments?post=321"}],"version-history":[{"count":35,"href":"https:\/\/lapistouflerie.com\/index.php\/wp-json\/wp\/v2\/pages\/321\/revisions"}],"predecessor-version":[{"id":1350,"href":"https:\/\/lapistouflerie.com\/index.php\/wp-json\/wp\/v2\/pages\/321\/revisions\/1350"}],"wp:featuredmedia":[{"embeddable":true,"href":"https:\/\/lapistouflerie.com\/index.php\/wp-json\/wp\/v2\/media\/1269"}],"wp:attachment":[{"href":"https:\/\/lapistouflerie.com\/index.php\/wp-json\/wp\/v2\/media?parent=321"}],"curies":[{"name":"wp","href":"https:\/\/api.w.org\/{rel}","templated":true}]}}