{"id":349,"date":"2023-12-19T18:11:22","date_gmt":"2023-12-19T17:11:22","guid":{"rendered":"https:\/\/lapistouflerie.com\/?page_id=349"},"modified":"2026-04-02T17:29:32","modified_gmt":"2026-04-02T15:29:32","slug":"tarifs","status":"publish","type":"page","link":"https:\/\/lapistouflerie.com\/index.php\/tarifs\/","title":{"rendered":"Tarifs"},"content":{"rendered":"\n<p>D\u00e9tails de la participation aux frais (PAF) des soir\u00e9es :<\/p>\n\n\n\n<p class=\"has-black-color has-text-color has-link-color wp-elements-7e88b5bac834f3f3a570aee5247e9afb\"><strong>Tarif d&rsquo;entr\u00e9e normal<\/strong> : 8 euros<br><strong>Tarif d&rsquo;entr\u00e9e adh\u00e9rent<\/strong> : 6 euros<br><strong>Pour les moins de 21 ans<\/strong> : tarif libre<\/p>\n\n\n\n<p class=\"has-black-color has-text-color has-link-color wp-elements-d247cbf5410705c3a62fbd3cce775b9f\"><strong>Tous nos ap\u00e9ros-concerts de l&rsquo;\u00e9t\u00e9 (Juillet, Ao\u00fbt et Septembre) sont \u00e0 19h30, en ext\u00e9rieur et au chapeau (participation libre mais n\u00e9cessaire).<\/strong><\/p>\n\n\n\n<p class=\"has-black-color has-text-color has-link-color wp-elements-4fda6592a546d5f40890d60b5d1a80f0\"><strong>Adh\u00e9sion annuelle \u00e0 l&rsquo;association<\/strong> : \u00e0 partir de 10 euros<br><strong>Tarif r\u00e9duit<\/strong> (ch\u00f4meurs, \u00e9tudiants) : \u00e0 partir de 6 euros<\/p>\n","protected":false},"excerpt":{"rendered":"<p>D\u00e9tails de la participation aux frais (PAF) des soir\u00e9es : Tarif d&rsquo;entr\u00e9e normal : 8 eurosTarif d&rsquo;entr\u00e9e adh\u00e9rent : 6 &hellip; <\/p>\n","protected":false},"author":1,"featured_media":0,"parent":0,"menu_order":0,"comment_status":"closed","ping_status":"closed","template":"","meta":{"footnotes":""},"class_list":["post-349","page","type-page","status-publish","hentry"],"_links":{"self":[{"href":"https:\/\/lapistouflerie.com\/index.php\/wp-json\/wp\/v2\/pages\/349","targetHints":{"allow":["GET"]}}],"collection":[{"href":"https:\/\/lapistouflerie.com\/index.php\/wp-json\/wp\/v2\/pages"}],"about":[{"href":"https:\/\/lapistouflerie.com\/index.php\/wp-json\/wp\/v2\/types\/page"}],"author":[{"embeddable":true,"href":"https:\/\/lapistouflerie.com\/index.php\/wp-json\/wp\/v2\/users\/1"}],"replies":[{"embeddable":true,"href":"https:\/\/lapistouflerie.com\/index.php\/wp-json\/wp\/v2\/comments?post=349"}],"version-history":[{"count":8,"href":"https:\/\/lapistouflerie.com\/index.php\/wp-json\/wp\/v2\/pages\/349\/revisions"}],"predecessor-version":[{"id":1743,"href":"https:\/\/lapistouflerie.com\/index.php\/wp-json\/wp\/v2\/pages\/349\/revisions\/1743"}],"wp:attachment":[{"href":"https:\/\/lapistouflerie.com\/index.php\/wp-json\/wp\/v2\/media?parent=349"}],"curies":[{"name":"wp","href":"https:\/\/api.w.org\/{rel}","templated":true}]}}