{"id":571,"date":"2024-04-11T16:09:24","date_gmt":"2024-04-11T14:09:24","guid":{"rendered":"https:\/\/lapistouflerie.com\/?page_id=571"},"modified":"2026-04-02T17:25:37","modified_gmt":"2026-04-02T15:25:37","slug":"lexpo-du-moment","status":"publish","type":"page","link":"https:\/\/lapistouflerie.com\/index.php\/lexpo-du-moment\/","title":{"rendered":"L&rsquo;expo du moment"},"content":{"rendered":"\n<p class=\"has-black-color has-text-color has-link-color wp-elements-fe98b85f7c35b56d66b918ef095ba3b4\">Tous les trimestres, la Pistouflerie s&rsquo;associe \u00e0 un.e artiste local.e ! D\u00e9couvrez les \u0153uvres expos\u00e9es \u00e0 l&rsquo;int\u00e9rieur, en face du bar, aux heures d&rsquo;ouverture du bistro-concert.<\/p>\n\n\n\n<p class=\"has-superbfont-large-font-size\"><\/p>\n\n\n\n<p class=\"has-black-color has-text-color has-link-color wp-elements-3391c608a7bcbd4abf6ab82e8a971069\">Exposition <strong>Laurent Conseil<\/strong><\/p>\n\n\n\n<figure class=\"wp-block-image size-full is-resized\"><img loading=\"lazy\" decoding=\"async\" width=\"250\" height=\"250\" src=\"https:\/\/lapistouflerie.com\/wp-content\/uploads\/2026\/04\/image-1.png\" alt=\"\" class=\"wp-image-1735\" style=\"width:451px;height:auto\" srcset=\"https:\/\/lapistouflerie.com\/wp-content\/uploads\/2026\/04\/image-1.png 250w, https:\/\/lapistouflerie.com\/wp-content\/uploads\/2026\/04\/image-1-150x150.png 150w, https:\/\/lapistouflerie.com\/wp-content\/uploads\/2026\/04\/image-1-60x60.png 60w\" sizes=\"auto, (max-width: 250px) 100vw, 250px\" \/><\/figure>\n\n\n\n<p class=\"has-black-color has-text-color has-link-color wp-elements-9313ef99b7ad715ac7cb0faa4d959bd9\">Je suis un peintre de 64 ans, d&rsquo;origine bretonne mais j&rsquo;habite depuis presque 40 ans dans les Hautes-Pyr\u00e9n\u00e9es.<\/p>\n\n\n\n<p>Je travaille sur plusieurs th\u00e8mes, visages, sc\u00e8nes de vie, patrimoine\/mati\u00e8res et enfin montagnes.<\/p>\n\n\n\n<p>Peindre est pour moi une forme de m\u00e9ditation. Une mani\u00e8re de ralentir, de me laisser traverser par ce qui m&rsquo;inspire.<\/p>\n\n\n\n<p>Mon travail \u00e0 l&rsquo;origine figuratif a \u00e9volu\u00e9 en ce qui concerne les s\u00e9ries mati\u00e8res\/patrimoine et montagnes vers une forme d&rsquo;abstraction. Je me concentre sur des motifs et formes qui me \u00ab&nbsp;parlent&nbsp;\u00bb. Je cherche \u00e0 amener la personne qui regarde \u00e0 se poser la question ; Qu\u2019est-ce que je vois ?<\/p>\n\n\n\n<p>La s\u00e9rie que je vous propose pour cette exposition traite du patrimoine et des mati\u00e8res<\/p>\n\n\n\n<p>J&rsquo;ai dans un premier temps peins des parties assez importantes de b\u00e2timents pour petit \u00e0 petit zoomer, d&rsquo;abord sur un portail, un \u0153il de b\u0153uf&nbsp;&#8230; Puis zoomer encore sur une fraction d&rsquo;un cloche, d&rsquo;un portail&#8230; Pour finir sur des d\u00e9tails de mati\u00e8res brutes souvent du bois o\u00f9 je trouve des formes et motifs m&rsquo;inspirent et dans lesquels j&rsquo;imagine tout autre chose que du bois&nbsp;: des \u00e9cailles, des visages, une t\u00eate de dragon&#8230;<\/p>\n\n\n\n<p>Mais parce que je cherche \u00e0 laisser l\u2019\u0153il du spectateur libre de circuler et surtout laisser son imagination agir, ce que j&rsquo;y vois n&rsquo;est pas forc\u00e9ment, et c&rsquo;est heureux, ce que vous y verrez.<\/p>\n\n\n\n<p class=\"has-text-align-center\">Pour aller plus loin<\/p>\n\n\n\n<figure class=\"wp-block-image size-full is-resized\"><img loading=\"lazy\" decoding=\"async\" width=\"200\" height=\"197\" src=\"https:\/\/lapistouflerie.com\/wp-content\/uploads\/2026\/04\/image.png\" alt=\"\" class=\"wp-image-1734\" style=\"width:332px;height:auto\" srcset=\"https:\/\/lapistouflerie.com\/wp-content\/uploads\/2026\/04\/image.png 200w, https:\/\/lapistouflerie.com\/wp-content\/uploads\/2026\/04\/image-61x60.png 61w\" sizes=\"auto, (max-width: 200px) 100vw, 200px\" \/><\/figure>\n\n\n\n<p class=\"has-text-align-center\"><\/p>\n\n\n\n<p class=\"has-superbfont-large-font-size\"><strong>Vous souhaitez exposer ?<\/strong><\/p>\n\n\n\n<p class=\"has-black-color has-text-color has-link-color wp-elements-d58ff36bb4cdee8a02f2763acec8b19d\">Pour tout renseignement concernant les expositions, merci de contacter Fanfan au 06 68 90 47 55<\/p>\n\n\n\n<p><\/p>\n","protected":false},"excerpt":{"rendered":"<p>Tous les trimestres, la Pistouflerie s&rsquo;associe \u00e0 un.e artiste local.e ! D\u00e9couvrez les \u0153uvres expos\u00e9es \u00e0 l&rsquo;int\u00e9rieur, en face du &hellip; <\/p>\n","protected":false},"author":1,"featured_media":1736,"parent":0,"menu_order":0,"comment_status":"closed","ping_status":"closed","template":"","meta":{"footnotes":""},"class_list":["post-571","page","type-page","status-publish","has-post-thumbnail","hentry"],"_links":{"self":[{"href":"https:\/\/lapistouflerie.com\/index.php\/wp-json\/wp\/v2\/pages\/571","targetHints":{"allow":["GET"]}}],"collection":[{"href":"https:\/\/lapistouflerie.com\/index.php\/wp-json\/wp\/v2\/pages"}],"about":[{"href":"https:\/\/lapistouflerie.com\/index.php\/wp-json\/wp\/v2\/types\/page"}],"author":[{"embeddable":true,"href":"https:\/\/lapistouflerie.com\/index.php\/wp-json\/wp\/v2\/users\/1"}],"replies":[{"embeddable":true,"href":"https:\/\/lapistouflerie.com\/index.php\/wp-json\/wp\/v2\/comments?post=571"}],"version-history":[{"count":33,"href":"https:\/\/lapistouflerie.com\/index.php\/wp-json\/wp\/v2\/pages\/571\/revisions"}],"predecessor-version":[{"id":1741,"href":"https:\/\/lapistouflerie.com\/index.php\/wp-json\/wp\/v2\/pages\/571\/revisions\/1741"}],"wp:featuredmedia":[{"embeddable":true,"href":"https:\/\/lapistouflerie.com\/index.php\/wp-json\/wp\/v2\/media\/1736"}],"wp:attachment":[{"href":"https:\/\/lapistouflerie.com\/index.php\/wp-json\/wp\/v2\/media?parent=571"}],"curies":[{"name":"wp","href":"https:\/\/api.w.org\/{rel}","templated":true}]}}