{"id":628,"date":"2024-04-15T19:11:09","date_gmt":"2024-04-15T17:11:09","guid":{"rendered":"https:\/\/lapistouflerie.com\/?page_id=628"},"modified":"2025-06-04T13:17:51","modified_gmt":"2025-06-04T11:17:51","slug":"vendredi-25-juillet","status":"publish","type":"page","link":"https:\/\/lapistouflerie.com\/index.php\/vendredi-25-juillet\/","title":{"rendered":"Vendredi 25 juillet"},"content":{"rendered":"\n<p class=\"has-black-color has-text-color has-link-color has-superbfont-large-font-size wp-elements-bb3abf72f5a2fc4333835ae34c7171a4\"><strong>Au programme du Pistouval 2025 le vendredi 25 juillet<\/strong><br>Vous pouvez acheter vos entr\u00e9es sur place ou les r\u00e9server en pr\u00e9ventes ici : <a href=\"https:\/\/lapistouflerie.com\/index.php\/billetterie-pistouval-2025\/\">https:\/\/lapistouflerie.com\/index.php\/billetterie-pistouval-2025\/<\/a><\/p>\n\n\n\n<p class=\"has-black-color has-text-color has-link-color wp-elements-06f8c933032d6ef253ea4d147fdaacac\">Le&nbsp;<strong>march\u00e9 artisanal<\/strong>&nbsp;revient avec ses cr\u00e9ateur\u00b7ices de talent et se tiendra devant le site du Pistouval !<br>Retrouvez aussi&nbsp;<strong>les foodtrucks<\/strong>&nbsp;: Karr A Mel\u2019, Z\u00e9phine, E\u2019P\u00e2tes &amp; Vous<br><strong>Envie de vous d\u00e9guiser ?<\/strong> L\u00e2chez-vous pendant les trois soirs du Pistouval sur le th\u00e8me \u00ab\u00a0Oc\u00e9anesque\u00a0\u00bb de cette ann\u00e9e ! Aucune obligation, que du plaisir, avec une touche d&rsquo;humour et de rock&rsquo;n roll !<\/p>\n\n\n\n<p class=\"has-superbfont-large-font-size\"><strong>18h &#8211; Ouverture des portes<\/strong><\/p>\n\n\n\n<p class=\"has-superbfont-large-font-size\"><strong>En intersc\u00e8nes : Schmilblick Club \u2013 Man\u00e8ge System<\/strong><\/p>\n\n\n\n<p class=\"has-black-color has-text-color has-link-color has-superbfont-large-font-size wp-elements-bdd204cc4e4ce6026803a6f5597b8629\">Il tourne, il tourne le man\u00e8ge, Victor Betti ne compte plus les tours de son beau man\u00e8ge, le Schmilblick club s&rsquo;envole aux rythmes de la musique sur des sons \u00e9clectiques. Les parents et les enfants r\u00eavent et dansent pour un instant magique dans un monde suspendu !<\/p>\n\n\n\n<figure class=\"wp-block-embed is-type-video is-provider-youtube wp-block-embed-youtube wp-embed-aspect-16-9 wp-has-aspect-ratio\"><div class=\"wp-block-embed__wrapper\">\n<iframe loading=\"lazy\" title=\"Le Schmilblick club 2021\" width=\"925\" height=\"520\" src=\"https:\/\/www.youtube.com\/embed\/yzwJtnT-MYs?feature=oembed\" frameborder=\"0\" allow=\"accelerometer; autoplay; clipboard-write; encrypted-media; gyroscope; picture-in-picture; web-share\" referrerpolicy=\"strict-origin-when-cross-origin\" allowfullscreen><\/iframe>\n<\/div><\/figure>\n\n\n\n<p><strong>19h30 &#8211; Akoni Astrobeat<\/strong><br>AFRO-JAZZ \u00c9LECTRISANT<\/p>\n\n\n\n<p class=\"has-black-color has-text-color has-link-color wp-elements-c0ce59117c9f3ebeececdb2f88f1a7f2\">Quelque part entre Ezra Collective et Akal\u00e9 Wub\u00e9, les compositions d\u2019Akoni Astrobeat explorent un son afrogroove moderne, m\u00ealant l\u2019h\u00e9ritage des pionners de l\u2019afro-funk et du jazz \u00e9thiopien des ann\u00e9es 70 \u00e0 une approche r\u00e9solument contemporaine. Akoni Astrobeat, sextet toulousain, incarne un afro-jazz au croisement des cultures et des \u00e9poques. Inspir\u00e9s par l\u2019effervescence des ann\u00e9es 70 en Afrique, des pionniers de l\u2019afro-funk et de l\u2019ethio-jazz, mais aussi par les grooves du Maghreb et les m\u00e9lodies du Proche-Orient, les membres du groupe tissent une musique instrumentale hybride et moderne. Port\u00e9 par des compositions originales, le projet s\u2019appuie sur les traditions comme point de d\u00e9part puis laisse libre cours \u00e0 une cr\u00e9ativit\u00e9 personnelle et sans contraintes. M\u00ealant atmosph\u00e8res mystiques et polyrythmies explosives, le son d\u2019Akoni Astrobeat offre une exp\u00e9rience musicale \u00e0 la fois introspective et festive. Impuls\u00e9 fn 2022 par la rencontre entre Sylvain Bouysset (Lork\u00ea Lork\u00ea, El Djara), bassiste et producer passionn\u00e9 par l\u2019afrobeat et le dub, et Marylou Planchon (Lakhdar Hanou Ensemble, M\u00eerkut, Fethi Trab), f\u00fbtiste et nayati inspir\u00e9e par les musiques du Nil et le jazz, le sextet r\u00e9unit des musiciens issus d\u2019horizons divers, alliant leurs infuences pour produire un son unique. Suite \u00e0 un mois d\u2019\u00e9change en Zambie avec le groupe de musique et danse traditionnelles Africa Dance Factory, le groupe entame en 2024 une collaboration sc\u00e9nique avec l\u2019artiste zambienne Malita Tembo. Cette alliance donne lieu \u00e0 une fusion artistique o\u00f9 la danse traditionnelle s\u2019int\u00e8gre aux performances, tandis que les rythmes zambiens viennent nourrir les compositions du groupe, apportant une dimension nouvelle et enrichissante \u00e0 leur musique. Le premier EP \u00ab Soar \u00bb, attendu pour juin 2025, promet de capturer l\u2019essence de leur d\u00e9marche artistique : une c\u00e9l\u00e9bration du m\u00e9tissage sonore et une invitation \u00e0 explorer des horizons musicaux sans fronti\u00e8res.<\/p>\n\n\n\n<figure class=\"wp-block-embed is-type-video is-provider-youtube wp-block-embed-youtube wp-embed-aspect-16-9 wp-has-aspect-ratio\"><div class=\"wp-block-embed__wrapper\">\n<iframe loading=\"lazy\" title=\"Akoni Astrobeat - Comets (Live session 2022)\" width=\"925\" height=\"520\" src=\"https:\/\/www.youtube.com\/embed\/QBpDRDARvGU?feature=oembed\" frameborder=\"0\" allow=\"accelerometer; autoplay; clipboard-write; encrypted-media; gyroscope; picture-in-picture; web-share\" referrerpolicy=\"strict-origin-when-cross-origin\" allowfullscreen><\/iframe>\n<\/div><\/figure>\n\n\n\n<p class=\"has-superbfont-large-font-size\"><strong>21h30 &#8211; Mama Said<\/strong><br>URBAN FUSION<\/p>\n\n\n\n<p class=\"has-black-color has-text-color has-link-color wp-elements-eddb80f9d000294f7385e5a2a2abbf3d\">Alien au phras\u00e9 ac\u00e9r\u00e9, Mama Said impose un hip hop rhapsodique, le chant de guerre d\u2019un \u00e9corch\u00e9 qui scande le reflet d\u2019un monde turbulent par le prisme de l\u2019intime. Arrach\u00e9 \u00e0 ses racines am\u00e9ricaines, le philosophe misanthrope s\u2019\u00e9rige face \u00e0 ses contradictions \u00e0 travers des textes incisifs et acides. Un hip hop impr\u00e9gn\u00e9 du rhythm &amp; blues et de la soul music. Soutenu par un crew instrumental puissant et une hype woman envoutante, Mama Said est une exp\u00e9rience de sc\u00e8ne explosive : le chanteur \u00e9rudit prend le contr\u00f4le de l\u2019\u0153il du cyclone pour d\u00e9clamer avec auto-d\u00e9rision les travers et absurdit\u00e9s du monde dans un rap m\u00e9lodique et cathartique.<\/p>\n\n\n\n<figure class=\"wp-block-embed is-type-video is-provider-youtube wp-block-embed-youtube wp-embed-aspect-16-9 wp-has-aspect-ratio\"><div class=\"wp-block-embed__wrapper\">\n<iframe loading=\"lazy\" title=\"Don&#039;t go away mad | MAMA SAID | Official Music Video\" width=\"925\" height=\"520\" src=\"https:\/\/www.youtube.com\/embed\/q-UHRz-W2iQ?feature=oembed\" frameborder=\"0\" allow=\"accelerometer; autoplay; clipboard-write; encrypted-media; gyroscope; picture-in-picture; web-share\" referrerpolicy=\"strict-origin-when-cross-origin\" allowfullscreen><\/iframe>\n<\/div><\/figure>\n\n\n\n<figure class=\"wp-block-embed is-type-video is-provider-youtube wp-block-embed-youtube wp-embed-aspect-16-9 wp-has-aspect-ratio\"><div class=\"wp-block-embed__wrapper\">\n<iframe loading=\"lazy\" title=\"Mama Said | MAMA SAID | Live\" width=\"925\" height=\"520\" src=\"https:\/\/www.youtube.com\/embed\/kU1B4BO98xI?feature=oembed\" frameborder=\"0\" allow=\"accelerometer; autoplay; clipboard-write; encrypted-media; gyroscope; picture-in-picture; web-share\" referrerpolicy=\"strict-origin-when-cross-origin\" allowfullscreen><\/iframe>\n<\/div><\/figure>\n\n\n\n<p class=\"has-superbfont-large-font-size\"><strong>23h30 &#8211; Heeka<\/strong><br>ROCK-FOLK<\/p>\n\n\n\n<p class=\"has-black-color has-text-color has-link-color wp-elements-2cf11150d20afe3d864cb44614b58e25\">Hier voltigeuse \u00e0 quatre m\u00e8tres au-dessus d\u2019un sol de cirque, Heeka monte aujourd\u2019hui sur sc\u00e8ne accompagn\u00e9e de sa guitare et de sa voix, d\u00e9versant ses tripes crues et encore chaudes. C\u2019est dans un univers rock-folk incarn\u00e9 et tr\u00e8s personnel qu\u2019elle nous emm\u00e8ne en voyage sur le dos d\u2019un oiseau en vol ayant d\u00e9j\u00e0 perdu quelques plumes. Accompagn\u00e9e de trois musiciens sur sc\u00e8ne, Heeka nous fera d\u00e9couvrir son premier album The Haunted Lemon, tout en nuances. Entre guitares satur\u00e9es et cordes de guitare fr\u00f4l\u00e9es, entre chant puissant et tout aussi envo\u00fbtant, entre batteries incisives et percussions subtiles, entre pianos d\u00e9licats et basses visc\u00e9rales. Le tout entrem\u00eal\u00e9 de quelques harmonies de voix.<\/p>\n\n\n\n<figure class=\"wp-block-embed is-type-video is-provider-youtube wp-block-embed-youtube wp-embed-aspect-16-9 wp-has-aspect-ratio\"><div class=\"wp-block-embed__wrapper\">\n<iframe loading=\"lazy\" title=\"Heeka - The Blue Door (live Le Metronum - Toulouse)\" width=\"925\" height=\"520\" src=\"https:\/\/www.youtube.com\/embed\/5sqgdj8VLFI?feature=oembed\" frameborder=\"0\" allow=\"accelerometer; autoplay; clipboard-write; encrypted-media; gyroscope; picture-in-picture; web-share\" referrerpolicy=\"strict-origin-when-cross-origin\" allowfullscreen><\/iframe>\n<\/div><\/figure>\n\n\n\n<p class=\"has-superbfont-large-font-size\"><br><strong>01h30 &#8211; Inhoa<\/strong><br>TECHNO ETHNO<\/p>\n\n\n\n<p class=\"has-black-color has-text-color has-link-color wp-elements-d03628068b23fa1f1b12acf9c4241a49\">D\u00e9crire la musique d&rsquo;Inhoa c&rsquo;est comme raconter une histoire, son histoire au quotidien. Depuis de nombreuses ann\u00e9es elle performe sur de nombreuses sc\u00e8nes et essaye \u00e0 sa mani\u00e8re de transmettre son message de paix et sa vision du monde et de la vie.<\/p>\n\n\n\n<figure class=\"wp-block-embed is-type-rich is-provider-soundcloud wp-block-embed-soundcloud wp-embed-aspect-4-3 wp-has-aspect-ratio\"><div class=\"wp-block-embed__wrapper\">\n<iframe loading=\"lazy\" title=\"INHOA\" width=\"925\" height=\"450\" scrolling=\"no\" frameborder=\"no\" src=\"https:\/\/w.soundcloud.com\/player\/?visual=true&#038;url=https%3A%2F%2Fapi.soundcloud.com%2Fusers%2F690499&#038;show_artwork=true&#038;maxheight=1000&#038;maxwidth=925\"><\/iframe>\n<\/div><\/figure>\n\n\n\n<p class=\"has-superbfont-large-font-size\"><\/p>\n\n\n\n<p><\/p>\n","protected":false},"excerpt":{"rendered":"<p>Au programme du Pistouval 2025 le vendredi 25 juilletVous pouvez acheter vos entr\u00e9es sur place ou les r\u00e9server en pr\u00e9ventes &hellip; <\/p>\n","protected":false},"author":1,"featured_media":0,"parent":0,"menu_order":0,"comment_status":"closed","ping_status":"closed","template":"","meta":{"footnotes":""},"class_list":["post-628","page","type-page","status-publish","hentry"],"_links":{"self":[{"href":"https:\/\/lapistouflerie.com\/index.php\/wp-json\/wp\/v2\/pages\/628","targetHints":{"allow":["GET"]}}],"collection":[{"href":"https:\/\/lapistouflerie.com\/index.php\/wp-json\/wp\/v2\/pages"}],"about":[{"href":"https:\/\/lapistouflerie.com\/index.php\/wp-json\/wp\/v2\/types\/page"}],"author":[{"embeddable":true,"href":"https:\/\/lapistouflerie.com\/index.php\/wp-json\/wp\/v2\/users\/1"}],"replies":[{"embeddable":true,"href":"https:\/\/lapistouflerie.com\/index.php\/wp-json\/wp\/v2\/comments?post=628"}],"version-history":[{"count":17,"href":"https:\/\/lapistouflerie.com\/index.php\/wp-json\/wp\/v2\/pages\/628\/revisions"}],"predecessor-version":[{"id":1354,"href":"https:\/\/lapistouflerie.com\/index.php\/wp-json\/wp\/v2\/pages\/628\/revisions\/1354"}],"wp:attachment":[{"href":"https:\/\/lapistouflerie.com\/index.php\/wp-json\/wp\/v2\/media?parent=628"}],"curies":[{"name":"wp","href":"https:\/\/api.w.org\/{rel}","templated":true}]}}