{"id":647,"date":"2024-04-15T20:20:51","date_gmt":"2024-04-15T18:20:51","guid":{"rendered":"https:\/\/lapistouflerie.com\/?page_id=647"},"modified":"2025-06-04T13:18:12","modified_gmt":"2025-06-04T11:18:12","slug":"samedi-26-juillet","status":"publish","type":"page","link":"https:\/\/lapistouflerie.com\/index.php\/samedi-26-juillet\/","title":{"rendered":"Samedi 26 juillet"},"content":{"rendered":"\n<p class=\"has-black-color has-text-color has-link-color has-superbfont-large-font-size wp-elements-40974e42e0decd73dc8b04b6005f15a2\"><strong>Au programme du Pistouval 2025 le samedi 26 juillet<\/strong><br>Vous pouvez acheter vos entr\u00e9es sur place ou les r\u00e9server en pr\u00e9ventes ici : <a href=\"https:\/\/lapistouflerie.com\/index.php\/billetterie-pistouval-2025\/\">https:\/\/lapistouflerie.com\/index.php\/billetterie-pistouval-2025\/<\/a><\/p>\n\n\n\n<p class=\"has-black-color has-text-color has-link-color wp-elements-06f8c933032d6ef253ea4d147fdaacac\">Le&nbsp;<strong>march\u00e9 artisanal<\/strong>&nbsp;revient avec ses cr\u00e9ateur\u00b7ices de talent et se tiendra devant le site du Pistouval !<br>Retrouvez aussi&nbsp;<strong>les foodtrucks<\/strong>&nbsp;: Karr A Mel\u2019, Z\u00e9phine, E\u2019P\u00e2tes &amp; Vous<br><strong>Envie de vous d\u00e9guiser ?<\/strong> L\u00e2chez-vous pendant les trois soirs du Pistouval sur le th\u00e8me \u00ab\u00a0Oc\u00e9anesque\u00a0\u00bb de cette ann\u00e9e ! Aucune obligation, que du plaisir, avec une touche d&rsquo;humour et de rock&rsquo;n roll !<\/p>\n\n\n\n<p class=\"has-superbfont-large-font-size\"><strong>18h &#8211; Ouverture des portes<\/strong><\/p>\n\n\n\n<p class=\"has-superbfont-large-font-size\"><strong>En intersc\u00e8nes : Schmilblick Club \u2013 Man\u00e8ge System<\/strong><\/p>\n\n\n\n<p class=\"has-black-color has-text-color has-link-color has-superbfont-large-font-size wp-elements-bdd204cc4e4ce6026803a6f5597b8629\">Il tourne, il tourne le man\u00e8ge, Victor Betti ne compte plus les tours de son beau man\u00e8ge, le Schmilblick club s&rsquo;envole aux rythmes de la musique sur des sons \u00e9clectiques. Les parents et les enfants r\u00eavent et dansent pour un instant magique dans un monde suspendu !<\/p>\n\n\n\n<figure class=\"wp-block-embed is-type-video is-provider-youtube wp-block-embed-youtube wp-embed-aspect-16-9 wp-has-aspect-ratio\"><div class=\"wp-block-embed__wrapper\">\n<iframe loading=\"lazy\" title=\"Le Schmilblick club 2021\" width=\"925\" height=\"520\" src=\"https:\/\/www.youtube.com\/embed\/yzwJtnT-MYs?feature=oembed\" frameborder=\"0\" allow=\"accelerometer; autoplay; clipboard-write; encrypted-media; gyroscope; picture-in-picture; web-share\" referrerpolicy=\"strict-origin-when-cross-origin\" allowfullscreen><\/iframe>\n<\/div><\/figure>\n\n\n\n<p class=\"has-superbfont-large-font-size\"><strong>19h30 &#8211; Pneumatic Serenaders<\/strong><br>FOLK-BLUES-ROCK<\/p>\n\n\n\n<p class=\"has-black-color has-text-color has-link-color wp-elements-5c3f6f7607d395406fbac2f464a0cd6d\">Cr\u00e9ature \u00e0 cinq pattes naviguant dans les eaux troubles du folk et de la pop-psych\u00e9 des seventies. Port\u00e9s par une voix qui caresse le blues, les Pneumatic Serenaders d\u00e9construisent les st\u00e9r\u00e9otypes du genre. S\u2019autorisant des grands-\u00e9carts, une folk-pop moderne assum\u00e9e sans paillettes et sans concessions. Les Pneumatic Serenaders est une entit\u00e9 proto-folk-blues qui fait ses premiers pas en 2012. Dans la pure tradition de l\u2019anti-modernit\u00e9, le groupe fait ses armes en puisant l\u2019inspiration dans un rural-blues des plus obscurs et la folksong du d\u00e9but du si\u00e8cle. 2014, \u00ab Rollin On The Bayou \u00bb. De concerts en rencontres, en 2017 \u00ab Hazy Tales \u00bb voit le jour. Dans cet album, les sonorit\u00e9s se font plus \u00e9lectriques et les premi\u00e8res compositions esquissent la personnalit\u00e9 du groupe. 2022 voit la naissance de l\u2019album \u00ab Slow Back Train \u00bb, enfant turbulent et ill\u00e9gitime d\u2019une Joni Mitchell et d&rsquo;un Tom Waits tiraill\u00e9s entre cordes acoustiques et \u00e9lectriques.<\/p>\n\n\n\n<figure class=\"wp-block-embed is-type-video is-provider-youtube wp-block-embed-youtube wp-embed-aspect-16-9 wp-has-aspect-ratio\"><div class=\"wp-block-embed__wrapper\">\n<iframe loading=\"lazy\" title=\"Pneumatic Serenaders - Crow&#039;s Serenade (Clip)\" width=\"925\" height=\"520\" src=\"https:\/\/www.youtube.com\/embed\/8A7qLlF8OkE?feature=oembed\" frameborder=\"0\" allow=\"accelerometer; autoplay; clipboard-write; encrypted-media; gyroscope; picture-in-picture; web-share\" referrerpolicy=\"strict-origin-when-cross-origin\" allowfullscreen><\/iframe>\n<\/div><\/figure>\n\n\n\n<figure class=\"wp-block-embed is-type-video is-provider-youtube wp-block-embed-youtube wp-embed-aspect-16-9 wp-has-aspect-ratio\"><div class=\"wp-block-embed__wrapper\">\n<iframe loading=\"lazy\" title=\"Slow Back Train (teaser album)\" width=\"925\" height=\"520\" src=\"https:\/\/www.youtube.com\/embed\/93DP-Gaycbg?feature=oembed\" frameborder=\"0\" allow=\"accelerometer; autoplay; clipboard-write; encrypted-media; gyroscope; picture-in-picture; web-share\" referrerpolicy=\"strict-origin-when-cross-origin\" allowfullscreen><\/iframe>\n<\/div><\/figure>\n\n\n\n<p class=\"has-superbfont-large-font-size\"><strong>21h30 &#8211; MKBB<\/strong><br>BLUES NOUVELLE ORL\u00c9ANS<\/p>\n\n\n\n<p class=\"has-black-color has-text-color has-link-color wp-elements-77c138a3ea08843bc130f21d19b81874\">Mammouth King Blues Band acclimate le blues de Washbord Sam, Howlin&rsquo; Wolf, Tampa Red, Taj Mahal\u2026 au milieu des vignes, \u00e0 Fronton, pr\u00e8s de Toulouse : ils ont ce feeling qui sent un peu la boue du Mississippi et la cuisine cr\u00e9ole.<br>Jean-Luc Ribes chant, dobro, guitare<br>Kristell Geffroy chant et choeurs, washboard<br>\u00ab\u00a0Philou\u00a0\u00bb Philippe Orliac piano, percussions<br>Luc Favaro harmonica, guitare<br>Olivier Sp\u00e9nale contrebasse, choeurs<\/p>\n\n\n\n<figure class=\"wp-block-embed is-type-video is-provider-youtube wp-block-embed-youtube wp-embed-aspect-16-9 wp-has-aspect-ratio\"><div class=\"wp-block-embed__wrapper\">\n<iframe loading=\"lazy\" title=\"mkbb This Train\" width=\"925\" height=\"520\" src=\"https:\/\/www.youtube.com\/embed\/d7aW3Eb1mMc?feature=oembed\" frameborder=\"0\" allow=\"accelerometer; autoplay; clipboard-write; encrypted-media; gyroscope; picture-in-picture; web-share\" referrerpolicy=\"strict-origin-when-cross-origin\" allowfullscreen><\/iframe>\n<\/div><\/figure>\n\n\n\n<p class=\"has-superbfont-large-font-size\"><strong>23h30 &#8211; Johnny Makam<\/strong><br>TRANSE ORIENTALE<\/p>\n\n\n\n<p class=\"has-black-color has-text-color has-link-color wp-elements-7da7c473e7f5b7f82afa431e224c33b2\">N\u00e9 \u00e0 Istanbul, Johnny Makam bouscule les codes des musiques traditionnelles turques en les fusionnant avec les musiques actuelles. Leur E.P \u00ab\u00a0Elektronik Ziyafet\u00a0\u00bb (Oct. 2023) les a r\u00e9v\u00e9l\u00e9s au grand public, propulsant le groupe sur le devant de la sc\u00e8ne. En 2024, ils \u00e9cument les festivals de l&rsquo;hexagone, et entament en 2025 la composition de leur premier album pr\u00e9vu pour d\u00e9but 2026 tout en continuant \u00e0 tourner. Au c\u0153ur de leur musique, la voix envo\u00fbtante de la chanteuse Ebru Aydin est le fil conducteur qui relie avec une puissance \u00e9motionnelle rare les sonorit\u00e9s orientales \u00e0 l&rsquo;\u00e9lectro et au rock. Les improvisations saisissantes de la guitare et du saxophone et la pulsation organique de la rythmique envoient le dancefloor sur le chemin de la transe. Johnny Makam est une v\u00e9ritable r\u00e9v\u00e9lation, un groupe \u00e0 suivre de pr\u00e8s !<\/p>\n\n\n\n<figure class=\"wp-block-embed is-type-video is-provider-youtube wp-block-embed-youtube wp-embed-aspect-16-9 wp-has-aspect-ratio\"><div class=\"wp-block-embed__wrapper\">\n<iframe loading=\"lazy\" title=\"\u2738 JOHNNY MAKAM \u2738 - \u265e \u2740 \u2600 &quot;Urfal\u0131yam Ezelden&quot; \u2600 \u2740 \u265e\" width=\"925\" height=\"520\" src=\"https:\/\/www.youtube.com\/embed\/I9gEY7iTdM4?feature=oembed\" frameborder=\"0\" allow=\"accelerometer; autoplay; clipboard-write; encrypted-media; gyroscope; picture-in-picture; web-share\" referrerpolicy=\"strict-origin-when-cross-origin\" allowfullscreen><\/iframe>\n<\/div><\/figure>\n\n\n\n<p class=\"has-superbfont-large-font-size\"><strong>01h30 &#8211; DJ Madzikila Saw<\/strong><br>RUFF BEATS &amp; SICK SCRATCHES<\/p>\n\n\n\n<p class=\"has-black-color has-text-color has-link-color wp-elements-bc648b8b5e71396ab04ef9b00fc4a362\">Frapp\u00e9 par la fi\u00e8vre du turntablism \u00e0 la fin des ann\u00e9es 90. Madzikila appartient \u00e0 cette g\u00e9n\u00e9ration de DJ&rsquo;s qui font un peu plus que passer des disques. Originaire du Sud-Ouest de La France, il y organise ses premi\u00e8res soir\u00e9es d\u00e8s 2000 et se fait conna\u00eetre sous l&rsquo;alias Deejay U-Lz comme un DJ atypique. Autodidacte, il d\u00e9veloppe un style diff\u00e9rent en utilisant la platine vinyle comme un instrument de musique et collabore, sur disques et sur sc\u00e8nes, avec des artistes issus de divers courants musicaux, se forgeant ainsi une culture musicale large et vari\u00e9e qui s&rsquo;\u00e9tale du hip-hop au reggae en passant par la drum &amp; bass, le trip-hop ou encore le jazz. Il s&rsquo;installe en 2004 \u00e0 Toulouse et d\u00e9croche sa premi\u00e8re \u00e9mission sur les ondes de radio FMR qu&rsquo;il anime pendant quatre ans. En 2006. son style subjugue DJ Cam, Missill, Dee Nasty &amp; The Mixologists qui se trouvent \u00eatre les jur\u00e9s des finales du contest DJ Sup2miX (Marseille) dont il remporte les deux derni\u00e8res \u00e9ditions nationales. \u00c0 ce moment il est introduit au sein du collectif de DJ&rsquo;s: le IOOPIT crew. I tient plusieurs r\u00e9sidences dans des bars toulousains et se produit en DJ set dans tout l&rsquo;hexagone. Il abandonne l&rsquo;alias deejay U-Lz fin 2008 et Madzikila Saw appara\u00eet pour la premi\u00e8re fois sur la mixtape All School II qui connait un succ\u00e8s d&rsquo;estime virtuel totalisant plus de 100 000 t\u00e9l\u00e9chargements en deux ans. Encha\u00eenant soir\u00e9es et concerts, il sort plusieurs remixes et produit pour d&rsquo;autres artistes de la sc\u00e8ne alternative nationale et internationale. Adepte du \u00ab\u00a0Do it yourself\u00a0\u00bb, et fort d&rsquo;une culture musicale large, ses exp\u00e9rimentations dans l&rsquo;univers du djing d\u00e9bouchent sur des s\u00e9lections massives dans lesquelles il fusionne classiques intemporels et derni\u00e8res nouveaut\u00e9s \u00e0 coup de crossfader. Manipulateur de platines hors normes et scratch nerd dans l&rsquo;\u00e2me, il a partag\u00e9 la sc\u00e8ne avec Dee Nasty, DJ Fly, DJ Duke, Jack Beats, DJ Netik, Ed Rush, Matrix &amp; Futurebound, Optiv, Beardyman, Jamalski, DJ Vadim, DJ Die&#8230;<\/p>\n\n\n\n<figure class=\"wp-block-embed is-type-video is-provider-youtube wp-block-embed-youtube wp-embed-aspect-4-3 wp-has-aspect-ratio\"><div class=\"wp-block-embed__wrapper\">\n<iframe loading=\"lazy\" title=\"Madzikila Saw\" width=\"925\" height=\"694\" src=\"https:\/\/www.youtube.com\/embed\/Yqvp0T_Gi0g?feature=oembed\" frameborder=\"0\" allow=\"accelerometer; autoplay; clipboard-write; encrypted-media; gyroscope; picture-in-picture; web-share\" referrerpolicy=\"strict-origin-when-cross-origin\" allowfullscreen><\/iframe>\n<\/div><\/figure>\n\n\n\n<p class=\"has-superbfont-large-font-size\"><\/p>\n","protected":false},"excerpt":{"rendered":"<p>Au programme du Pistouval 2025 le samedi 26 juilletVous pouvez acheter vos entr\u00e9es sur place ou les r\u00e9server en pr\u00e9ventes &hellip; <\/p>\n","protected":false},"author":1,"featured_media":1310,"parent":0,"menu_order":0,"comment_status":"closed","ping_status":"closed","template":"","meta":{"footnotes":""},"class_list":["post-647","page","type-page","status-publish","has-post-thumbnail","hentry"],"_links":{"self":[{"href":"https:\/\/lapistouflerie.com\/index.php\/wp-json\/wp\/v2\/pages\/647","targetHints":{"allow":["GET"]}}],"collection":[{"href":"https:\/\/lapistouflerie.com\/index.php\/wp-json\/wp\/v2\/pages"}],"about":[{"href":"https:\/\/lapistouflerie.com\/index.php\/wp-json\/wp\/v2\/types\/page"}],"author":[{"embeddable":true,"href":"https:\/\/lapistouflerie.com\/index.php\/wp-json\/wp\/v2\/users\/1"}],"replies":[{"embeddable":true,"href":"https:\/\/lapistouflerie.com\/index.php\/wp-json\/wp\/v2\/comments?post=647"}],"version-history":[{"count":17,"href":"https:\/\/lapistouflerie.com\/index.php\/wp-json\/wp\/v2\/pages\/647\/revisions"}],"predecessor-version":[{"id":1355,"href":"https:\/\/lapistouflerie.com\/index.php\/wp-json\/wp\/v2\/pages\/647\/revisions\/1355"}],"wp:featuredmedia":[{"embeddable":true,"href":"https:\/\/lapistouflerie.com\/index.php\/wp-json\/wp\/v2\/media\/1310"}],"wp:attachment":[{"href":"https:\/\/lapistouflerie.com\/index.php\/wp-json\/wp\/v2\/media?parent=647"}],"curies":[{"name":"wp","href":"https:\/\/api.w.org\/{rel}","templated":true}]}}