{"id":651,"date":"2024-04-15T20:45:40","date_gmt":"2024-04-15T18:45:40","guid":{"rendered":"https:\/\/lapistouflerie.com\/?page_id=651"},"modified":"2025-07-21T12:15:11","modified_gmt":"2025-07-21T10:15:11","slug":"dimanche-27-juillet","status":"publish","type":"page","link":"https:\/\/lapistouflerie.com\/index.php\/dimanche-27-juillet\/","title":{"rendered":"Dimanche 27 juillet"},"content":{"rendered":"\n<p class=\"has-black-color has-text-color has-link-color has-superbfont-large-font-size wp-elements-3d8f6e545f72daf83d6936789c41b69b\"><strong>Au programme du Pistouval 2025 le dimanche 27 juillet<\/strong><br>Vous pouvez acheter vos entr\u00e9es sur place ou les r\u00e9server en pr\u00e9ventes ici : <a href=\"https:\/\/lapistouflerie.com\/index.php\/billetterie-pistouval-2025\/\">https:\/\/lapistouflerie.com\/index.php\/billetterie-pistouval-2025\/<\/a><\/p>\n\n\n\n<p class=\"has-black-color has-text-color has-link-color wp-elements-06f8c933032d6ef253ea4d147fdaacac\">Le&nbsp;<strong>march\u00e9 artisanal<\/strong>&nbsp;revient avec ses cr\u00e9ateur\u00b7ices de talent et se tiendra devant le site du Pistouval !<br>Retrouvez aussi&nbsp;<strong>les foodtrucks<\/strong>&nbsp;: Karr A Mel\u2019, Z\u00e9phine, E\u2019P\u00e2tes &amp; Vous<br><strong>Envie de vous d\u00e9guiser ?<\/strong> L\u00e2chez-vous pendant les trois soirs du Pistouval sur le th\u00e8me \u00ab\u00a0Oc\u00e9anesque\u00a0\u00bb de cette ann\u00e9e ! Aucune obligation, que du plaisir, avec une touche d&rsquo;humour et de rock&rsquo;n roll !<\/p>\n\n\n\n<p class=\"has-superbfont-large-font-size\"><strong>16h30 &#8211; Ouverture des portes<\/strong><\/p>\n\n\n\n<p class=\"has-superbfont-large-font-size\"><strong>En intersc\u00e8nes : Schmilblick Club \u2013 Man\u00e8ge System<\/strong><\/p>\n\n\n\n<p class=\"has-black-color has-text-color has-link-color has-superbfont-large-font-size wp-elements-bdd204cc4e4ce6026803a6f5597b8629\">Il tourne, il tourne le man\u00e8ge, Victor Betti ne compte plus les tours de son beau man\u00e8ge, le Schmilblick club s&rsquo;envole aux rythmes de la musique sur des sons \u00e9clectiques. Les parents et les enfants r\u00eavent et dansent pour un instant magique dans un monde suspendu !<\/p>\n\n\n\n<figure class=\"wp-block-embed is-type-video is-provider-youtube wp-block-embed-youtube wp-embed-aspect-16-9 wp-has-aspect-ratio\"><div class=\"wp-block-embed__wrapper\">\n<iframe loading=\"lazy\" title=\"Le Schmilblick club 2021\" width=\"925\" height=\"520\" src=\"https:\/\/www.youtube.com\/embed\/yzwJtnT-MYs?feature=oembed\" frameborder=\"0\" allow=\"accelerometer; autoplay; clipboard-write; encrypted-media; gyroscope; picture-in-picture; web-share\" referrerpolicy=\"strict-origin-when-cross-origin\" allowfullscreen><\/iframe>\n<\/div><\/figure>\n\n\n\n<p class=\"has-superbfont-large-font-size\"><strong>18h30 &#8211; Tachou La Magie<\/strong> (close-up de magie)<\/p>\n\n\n\n<p class=\"has-black-color has-text-color has-link-color wp-elements-703e2d7532528789527c279907568fc4\">Plongez dans l&rsquo;univers de Tachou La Magie, un magicien passionn\u00e9 qui transforme chaque moment en une exp\u00e9rience unique. Sp\u00e9cialis\u00e9 dans la magie de proximit\u00e9, les illusions prennent vie juste sous vos yeux. Tachou La Magie sait captiver l&rsquo;attention avec des tours de magie impressionnants r\u00e9alis\u00e9s \u00e0 quelques centim\u00e8tres de vous. Avec un m\u00e9lange de myst\u00e8re, d&rsquo;humour et d\u2019interaction, chaque num\u00e9ro cr\u00e9e un lien unique et personnalis\u00e9, laissant \u00e0 chacun un souvenir inoubliable. Gr\u00e2ce \u00e0 sa capacit\u00e9 \u00e0 s\u2019adapter \u00e0 chaque situation, Tachou La Magie transforme chaque instant en un moment magique, o\u00f9 le quotidien s\u2019efface et o\u00f9 l\u2019impossible devient r\u00e9alit\u00e9.<\/p>\n\n\n\n<figure class=\"wp-block-embed is-type-video is-provider-youtube wp-block-embed-youtube wp-embed-aspect-16-9 wp-has-aspect-ratio\"><div class=\"wp-block-embed__wrapper\">\n<iframe loading=\"lazy\" title=\"Tachou La Magie TEASER &quot;De l&#039;illusion \u00e0 la r\u00e9alit\u00e9&quot;\" width=\"925\" height=\"520\" src=\"https:\/\/www.youtube.com\/embed\/q2BsrCQu3xQ?feature=oembed\" frameborder=\"0\" allow=\"accelerometer; autoplay; clipboard-write; encrypted-media; gyroscope; picture-in-picture; web-share\" referrerpolicy=\"strict-origin-when-cross-origin\" allowfullscreen><\/iframe>\n<\/div><\/figure>\n\n\n\n<p class=\"has-superbfont-large-font-size\"><strong>19h30 &#8211; Gwen&rsquo;N&rsquo;Roses<\/strong><br>TRAD IRLANDAIS<\/p>\n\n\n\n<p class=\"has-black-color has-text-color has-link-color has-superbfont-large-font-size wp-elements-9c6e66448031ae4565f9782d6f857ffd\">\u00ab\u00a0\ud835\udc03\ud835\udc1e\ud835\udc2c \ud835\udc1e\ud835\udc27\ud835\udc2f\ud835\udc28\ud835\udc25\u00e9\ud835\udc1e\ud835\udc2c \ud835\udc1d\ud835\udc1e \ud835\udc2f\ud835\udc22\ud835\udc28\ud835\udc25\ud835\udc28\ud835\udc27 \ud835\udc2a\ud835\udc2e\ud835\udc22 \ud835\udc2f\ud835\udc28\ud835\udc2e\ud835\udc2c \ud835\udc1e\ud835\udc27\ud835\udc2d\ud835\udc2b\ud835\udc1a\ud835\udc22\ud835\udc27\ud835\udc1e\ud835\udc27\ud835\udc2d \ud835\udc1d\ud835\udc1a\ud835\udc27\ud835\udc2c \ud835\udc2e\ud835\udc27 \ud835\udc1b\ud835\udc1e\ud835\udc1a\ud835\udc2e \ud835\udc2f\ud835\udc28\ud835\udc32\ud835\udc1a\ud835\udc20\ud835\udc1e \ud835\udc29\ud835\udc28\u00e9\ud835\udc2d\ud835\udc22\ud835\udc2a\ud835\udc2e\ud835\udc1e \ud835\udc1e\ud835\udc27 \ud835\udc08\ud835\udc2b\ud835\udc25\ud835\udc1a\ud835\udc27\ud835\udc1d\ud835\udc1e, \ud835\udc25\ud835\udc1a\ud835\udc22\ud835\udc2c\ud835\udc2c\ud835\udc1e\ud835\udc33-\ud835\udc2f\ud835\udc28\ud835\udc2e\ud835\udc2c \ud835\udc2d\ud835\udc2b\ud835\udc1a\ud835\udc27\ud835\udc2c\ud835\udc29\ud835\udc28\ud835\udc2b\ud835\udc2d\ud835\udc1e\ud835\udc2b \ud835\udc2c\ud835\udc28\ud835\udc2e\ud835\udc2c \ud835\udc25&rsquo;\ud835\udc1a\ud835\udc2b\ud835\udc1c\ud835\udc21\ud835\udc1e\ud835\udc2d \ud835\udc2f\ud835\udc22\ud835\udc2b\ud835\udc2d\ud835\udc2e\ud835\udc28\ud835\udc2c\ud835\udc1e \ud835\udc1d\ud835\udc1e \ud835\udc06\ud835\udc30\ud835\udc1e\ud835\udc27 (\ud835\udc2f\ud835\udc22\ud835\udc28\ud835\udc25\ud835\udc28\ud835\udc27\ud835\udc22\ud835\udc2c\ud835\udc2d\ud835\udc1e \ud835\udc1c\ud835\udc21\ud835\udc1a\ud835\udc27\ud835\udc2d\ud835\udc1e\ud835\udc2e\ud835\udc2c\ud835\udc1e \ud835\udc1d\ud835\udc1e \ud835\udc16\ud835\udc1e\ud835\udc24\ud835\udc2d\ud835\udc2e, \ud835\udc0d\ud835\udc22\ud835\udc27\ud835\udc1a \ud835\udc06\ud835\udc28\ud835\udc1e\ud835\udc2b\ud835\udc27, \ud835\udc01\ud835\udc28\ud835\udc28\ud835\udc33\ud835\udc1e \ud835\udc01\ud835\udc2b\ud835\udc28\ud835\udc2d\ud835\udc21\ud835\udc1e\ud835\udc2b\ud835\udc2c, \ud835\udc01\ud835\udc1a\ud835\udc2b\ud835\udc1b\ud835\udc1a\ud835\udc2b&rsquo;\ud835\udc0e&rsquo;\ud835\udc11\ud835\udc21\ud835\udc2e\ud835\udc26) \ud835\udc2a\ud835\udc2e\ud835\udc22 \ud835\udc29\ud835\udc28\ud835\udc2c\ud835\udc2c\ud835\udc1e\ud835\udc1d\ud835\udc1e \ud835\udc1c\ud835\udc1e\ud835\udc2d\ud835\udc2d\ud835\udc1e \ud835\udc1b\ud835\udc1e\ud835\udc25\ud835\udc25\ud835\udc1e \ud835\udc1e\ud835\udc27\ud835\udc1e\ud835\udc2b\ud835\udc20\ud835\udc22\ud835\udc1e \ud835\udc1c\ud835\udc1e\ud835\udc25\ud835\udc2d\ud835\udc22\ud835\udc2a\ud835\udc2e\ud835\udc1e \ud835\udc1c\ud835\udc1a\ud835\udc29\ud835\udc1a\ud835\udc1b\ud835\udc25\ud835\udc1e \ud835\udc1d\ud835\udc1e \ud835\udc1f\ud835\udc1a\ud835\udc22\ud835\udc2b\ud835\udc1e \ud835\udc1d\ud835\udc1a\ud835\udc27\ud835\udc2c\ud835\udc1e\ud835\udc2b \ud835\udc2d\ud835\udc28\ud835\udc2e\ud835\udc2d\ud835\udc1e\ud835\udc2c \ud835\udc25\ud835\udc1e\ud835\udc2c \ud835\udc20\ud835\udc1e\ud835\udc27\ud835\udc1e\ud835\udc2b\ud835\udc1a\ud835\udc2d\ud835\udc22\ud835\udc28\ud835\udc27\ud835\udc2c \ud835\udc2b\ud835\udc1e\ud835\udc2e\ud835\udc27\ud835\udc22\ud835\udc1e\ud835\udc2c. \ud835\udc04\ud835\udc25\ud835\udc25\ud835\udc1e \ud835\udc2b\u00e9\ud835\udc1c\ud835\udc28\ud835\udc27\ud835\udc1c\ud835\udc22\ud835\udc25\ud835\udc22\ud835\udc1e \ud835\udc25\ud835\udc1a \ud835\udc1d\ud835\udc28\ud835\udc2e\ud835\udc1c\ud835\udc1e\ud835\udc2e\ud835\udc2b \ud835\udc1e\ud835\udc2d \ud835\udc25&rsquo;\ud835\udc1e\ud835\udc27\ud835\udc2d\ud835\udc21\ud835\udc28\ud835\udc2e\ud835\udc2c\ud835\udc22\ud835\udc1a\ud835\udc2c\ud835\udc26\ud835\udc1e \ud835\udc1d\ud835\udc1a\ud835\udc27\ud835\udc2c \ud835\udc25&rsquo;\ud835\udc1e\ud835\udc2c\ud835\udc29\ud835\udc1a\ud835\udc1c\ud835\udc1e \ud835\udc2d\ud835\udc1e\ud835\udc26\ud835\udc29\ud835\udc2c \ud835\udc1d&rsquo;\ud835\udc2e\ud835\udc27 \ud835\udc1c\ud835\udc28\ud835\udc27\ud835\udc1c\ud835\udc1e\ud835\udc2b\ud835\udc2d \ud835\udc22\ud835\udc27\ud835\udc28\ud835\udc2e\ud835\udc1b\ud835\udc25\ud835\udc22\ud835\udc1a\ud835\udc1b\ud835\udc25\ud835\udc1e, \ud835\udc1a\ud835\udc1c\ud835\udc1c\ud835\udc28\ud835\udc26\ud835\udc29\ud835\udc1a\ud835\udc20\ud835\udc27\ud835\udc1e\ud835\udc1e \ud835\udc1d\ud835\udc1e \ud835\udc2c\ud835\udc28\ud835\udc27 \ud835\udc1a\ud835\udc1c\ud835\udc28\ud835\udc25\ud835\udc32\ud835\udc2d\ud835\udc1e \ud835\udc02\ud835\udc28\ud835\udc2b\ud835\udc1e\ud835\udc27\ud835\udc2d\ud835\udc22\ud835\udc27 \u00e0 \ud835\udc25\ud835\udc1a \ud835\udc20\ud835\udc2e\ud835\udc22\ud835\udc2d\ud835\udc1a\ud835\udc2b\ud835\udc1e \ud835\udc1e\ud835\udc2d \u00e0 \ud835\udc25&rsquo;\u00e9\ud835\udc27\ud835\udc1e\ud835\udc2b\ud835\udc20\ud835\udc22\ud835\udc1e \ud835\udc1d\ud835\udc1e\ud835\udc1b\ud835\udc28\ud835\udc2b\ud835\udc1d\ud835\udc1a\ud835\udc27\ud835\udc2d\ud835\udc1e (\ud835\udc20\ud835\udc2e\ud835\udc22\ud835\udc2d\ud835\udc1a\ud835\udc2b\ud835\udc22\ud835\udc2c\ud835\udc2d\ud835\udc1e \ud835\udc1e\ud835\udc2d \ud835\udc1c\ud835\udc21\ud835\udc1a\ud835\udc27\ud835\udc2d\ud835\udc1e\ud835\udc2e\ud835\udc2b \ud835\udc1d\ud835\udc1e \ud835\udc01\ud835\udc1a\ud835\udc2b\ud835\udc1b\ud835\udc1a\ud835\udc2b&rsquo;\ud835\udc0e&rsquo;\ud835\udc11\ud835\udc21\ud835\udc2e\ud835\udc26), \ud835\udc1e\ud835\udc2d \ud835\udc1d\ud835\udc2e \ud835\udc2d\ud835\udc1a\ud835\udc25\ud835\udc1e\ud835\udc27\ud835\udc2d\ud835\udc2e\ud835\udc1e\ud835\udc2e\ud835\udc31 \ud835\udc04\ud835\udc1d\ud835\udc28\ud835\udc2e\ud835\udc1a\ud835\udc2b\ud835\udc1d \ud835\udc01\ud835\udc1e\ud835\udc2b\ud835\udc2d\ud835\udc2b\ud835\udc1a\ud835\udc27\ud835\udc1d \ud835\udc1a\ud835\udc2e \ud835\udc01\ud835\udc28\ud835\udc1d\ud835\udc21\ud835\udc2b\ud835\udc1a\ud835\udc27 \ud835\udc1e\ud835\udc2d \u00e0 \ud835\udc25\ud835\udc1a \ud835\udc20\ud835\udc2b\ud835\udc28\ud835\udc2c\ud835\udc2c\ud835\udc1e \ud835\udc1c\ud835\udc1a\ud835\udc22\ud835\udc2c\ud835\udc2c\ud835\udc1e \ud835\udc1e\ud835\udc25\ud835\udc1e\ud835\udc1c\ud835\udc2d\ud835\udc2b\ud835\udc28\ud835\udc27\ud835\udc22\ud835\udc2a\ud835\udc2e\ud835\udc1e (\ud835\udc1c\ud835\udc25\ud835\udc1a\ud835\udc2f\ud835\udc22\ud835\udc1e\ud835\udc2b\ud835\udc22\ud835\udc2c\ud835\udc2d\ud835\udc1e \ud835\udc1e\ud835\udc2d \ud835\udc01\ud835\udc28\ud835\udc1d\ud835\udc21\ud835\udc2b\ud835\udc1a\ud835\udc27\ud835\udc22\ud835\udc2c\ud835\udc2d\ud835\udc1e \ud835\udc1d\ud835\udc1a\ud835\udc27\ud835\udc2c \ud835\udc0b\ud835\udc22\ud835\udc27\ud835\udc1e, \ud835\udc05\ud835\udc1a\ud835\udc27\ud835\udc1e\ud835\udc25, \ud835\udc05\ud835\udc1a\ud835\udc2b\ud835\udc2b\ud835\udc1a\ud835\udc2e\ud835\udc20\ud835\udc21)\u00a0\u00bb. Le groupe a partag\u00e9 la sc\u00e8ne avec plusieurs artistes Toulousains et d\u2019autres r\u00e9gions tels que Red Cardell, Kervegans, Mask Ha Gazh, Oia Star, Nataverne, Libertalia, La P\u2019tite Fum\u00e9e, Azad Lab, Wec Family, Gnaman Koudji, Guilhem Desq etc.<\/p>\n\n\n\n<figure class=\"wp-block-embed is-type-video is-provider-youtube wp-block-embed-youtube wp-embed-aspect-16-9 wp-has-aspect-ratio\"><div class=\"wp-block-embed__wrapper\">\n<iframe loading=\"lazy\" title=\"Gwen&#039;N&#039;Roses - FAREWELL TO IRELAND\" width=\"925\" height=\"520\" src=\"https:\/\/www.youtube.com\/embed\/11YYsRPi3wo?feature=oembed\" frameborder=\"0\" allow=\"accelerometer; autoplay; clipboard-write; encrypted-media; gyroscope; picture-in-picture; web-share\" referrerpolicy=\"strict-origin-when-cross-origin\" allowfullscreen><\/iframe>\n<\/div><\/figure>\n\n\n\n<p class=\"has-superbfont-large-font-size\"><strong>21h30 &#8211; Eole Dub<\/strong><br>ELECTRO DUB<\/p>\n\n\n\n<p class=\"has-black-color has-text-color has-link-color has-superbfont-large-font-size wp-elements-403679db44677f5fc05af69543a83be1\">Plus de 20 ans apr\u00e8s l\u2019explosion du Live Dub en France, de nombreux groupes et artistes perp\u00e9tuent cette tradition et \u00c9ole Dub en fait assur\u00e9ment partie. Influenc\u00e9 par les pionniers du genre que sont High Tone ou encore Brain Damage, Guillem cr\u00e9e le projet \u00c9ole Dub en y incorporant une autre de ses passions, le didgeridoo, l\u2019instrument des aborig\u00e8nes qu\u2019il fabrique lui-m\u00eame. En mai 2018, lors d\u2019un tremplin musical \u00e0 Perpignan, il rencontre Jasmin, bassiste \u00e9m\u00e9rite, qui lui propose alors une collaboration \u00e0 dur\u00e9e ind\u00e9termin\u00e9e ! Musicien au background Rock et M\u00e9tal, Jasmin tombe en amour pour le Dub en \u00e9coutant Zenzile, Kaly Live Dub ou encore Ez3kiel, et rejoint donc l\u2019aventure \u00c9ole Dub. Le duo encha\u00eene les concerts, et fort de cette exp\u00e9rience, se d\u00e9cide \u00e0 composer de nouveaux morceaux. Le r\u00e9sultat ? Un voyage auditif guid\u00e9 par les harmonies du didgeridoo et port\u00e9 par une basse massive et envo\u00fbtante !<\/p>\n\n\n\n<figure class=\"wp-block-embed is-type-video is-provider-youtube wp-block-embed-youtube wp-embed-aspect-16-9 wp-has-aspect-ratio\"><div class=\"wp-block-embed__wrapper\">\n<iframe loading=\"lazy\" title=\"Eole Dub - Shehili (live D\u00e9sertival 2023)\" width=\"925\" height=\"520\" src=\"https:\/\/www.youtube.com\/embed\/2JCc_oSurzA?feature=oembed\" frameborder=\"0\" allow=\"accelerometer; autoplay; clipboard-write; encrypted-media; gyroscope; picture-in-picture; web-share\" referrerpolicy=\"strict-origin-when-cross-origin\" allowfullscreen><\/iframe>\n<\/div><\/figure>\n\n\n\n<figure class=\"wp-block-embed\"><div class=\"wp-block-embed__wrapper\">\nhttps:\/\/eoledub.bandcamp.com\/music\n<\/div><\/figure>\n\n\n\n<p><strong>23h30 &#8211; DJ Wernika + Tbili<\/strong><br>HOUSE-NU DISCO-INDIE DANCE-TECH HOUSE-WOLRD HOUSE<\/p>\n\n\n\n<p class=\"has-black-color has-text-color has-link-color wp-elements-2725121b68b07b026dd89755797a7e5d\">Weronika fait ses d\u00e9buts en 2009 au sein du Blogvip\u00e8re, organisateur des soir\u00e9es queer \u00ab ElectroFuckDiscoSuicideParty \u00bb, bien connues pour illuminer de paillettes les nuits toulousaines. Plus tard de sa rencontre avec Runky Forz na\u00eetra le duo Du Vent Dans les Poils et les soir\u00e9es Thank you for dancing. En m\u00eame temps elle int\u00e8gre l\u2019association de La Petite, leurs \u00e9v\u00e9nements Girls Don\u2019t Cry et les Baby Room d\u00e9di\u00e9s aux petit\u00b7e\u00b7s dansereuses. Aujourd\u2019hui, elle s\u2019att\u00e8le \u00e0 faire d\u00e9couvrir l\u2019\u00e9tendue des musiques \u00e9lectroniques dans son nouvel environnement, le village d\u2019Aurignac et ses incroyables tiers lieux (La Cafeti\u00e8re et la Glissade).<\/p>\n\n\n\n<p>Sa page Instagram : <a href=\"https:\/\/www.instagram.com\/weronika_dvdlp\/\">https:\/\/www.instagram.com\/weronika_dvdlp\/<\/a><\/p>\n\n\n\n<figure class=\"wp-block-embed is-type-rich is-provider-mixcloud wp-block-embed-mixcloud wp-embed-aspect-21-9 wp-has-aspect-ratio\"><div class=\"wp-block-embed__wrapper\">\n<iframe loading=\"lazy\" title=\"Courant D&#039;Air Chaud\" width=\"100%\" height=\"120\" src=\"https:\/\/www.mixcloud.com\/widget\/iframe\/?feed=https%3A%2F%2Fwww.mixcloud.com%2Fvibronique%2Fcourant-dair-chaud%2F&amp;hide_cover=1\" frameborder=\"0\" allow=\"encrypted-media; fullscreen; autoplay; idle-detection; speaker-selection; web-share;\"><\/iframe>\n<\/div><\/figure>\n\n\n\n<p class=\"has-black-color has-text-color has-link-color wp-elements-c435c9747a700189f7c68fa855e90bb0\">Tbili vient de la Suisse Italienne (Tessin) et elle a une passion pour la musique depuis petite. Elle a&nbsp;commenc\u00e9 a jouer du piano \u00e0 6 ans et en grandissant elle a pu explorer d&rsquo;autres instruments. Son&nbsp;int\u00e9r\u00eat pour les musiques traditionnelles et folkloriques, les rhytmes, la danse et la transe l&rsquo;ont amen\u00e9e&nbsp;\u00e0 d\u00e9couvrir aussi les vibrations de la musique \u00e9l\u00e9ctronique. Elle commence \u00e0 mixer en 2022 gr\u00e2ce \u00e0&nbsp;la rencontre avec une femme DJ (Weronika) qui lui a transmis sa passion. Depuis elle explore les styles&nbsp;et elle reste ouverte \u00e0 la diversit\u00e9 des musiques \u00e9lectroniques.<\/p>\n","protected":false},"excerpt":{"rendered":"<p>Au programme du Pistouval 2025 le dimanche 27 juilletVous pouvez acheter vos entr\u00e9es sur place ou les r\u00e9server en pr\u00e9ventes &hellip; <\/p>\n","protected":false},"author":1,"featured_media":0,"parent":0,"menu_order":0,"comment_status":"closed","ping_status":"closed","template":"","meta":{"footnotes":""},"class_list":["post-651","page","type-page","status-publish","hentry"],"_links":{"self":[{"href":"https:\/\/lapistouflerie.com\/index.php\/wp-json\/wp\/v2\/pages\/651","targetHints":{"allow":["GET"]}}],"collection":[{"href":"https:\/\/lapistouflerie.com\/index.php\/wp-json\/wp\/v2\/pages"}],"about":[{"href":"https:\/\/lapistouflerie.com\/index.php\/wp-json\/wp\/v2\/types\/page"}],"author":[{"embeddable":true,"href":"https:\/\/lapistouflerie.com\/index.php\/wp-json\/wp\/v2\/users\/1"}],"replies":[{"embeddable":true,"href":"https:\/\/lapistouflerie.com\/index.php\/wp-json\/wp\/v2\/comments?post=651"}],"version-history":[{"count":24,"href":"https:\/\/lapistouflerie.com\/index.php\/wp-json\/wp\/v2\/pages\/651\/revisions"}],"predecessor-version":[{"id":1444,"href":"https:\/\/lapistouflerie.com\/index.php\/wp-json\/wp\/v2\/pages\/651\/revisions\/1444"}],"wp:attachment":[{"href":"https:\/\/lapistouflerie.com\/index.php\/wp-json\/wp\/v2\/media?parent=651"}],"curies":[{"name":"wp","href":"https:\/\/api.w.org\/{rel}","templated":true}]}}