{"id":739,"date":"2024-05-27T14:53:54","date_gmt":"2024-05-27T12:53:54","guid":{"rendered":"https:\/\/lapistouflerie.com\/?page_id=739"},"modified":"2024-08-21T12:14:12","modified_gmt":"2024-08-21T10:14:12","slug":"devenir-benevole","status":"publish","type":"page","link":"https:\/\/lapistouflerie.com\/index.php\/devenir-benevole\/","title":{"rendered":"Devenir b\u00e9n\u00e9vole"},"content":{"rendered":"\n<p class=\"has-black-color has-text-color has-link-color wp-elements-7bfe751c92c4fd0d6d2ebe751d3643a2\">Vous r\u00eavez de rejoindre notre \u00e9quipe de Pistoufleurs et Pistoufleuses ? Vous avez une super id\u00e9e pour enrichir le lieu ? Contactez Anne-Laure ou Nathalie \u00e0 cette adresse :<strong>\u00a0lapistouflerie@gmail.com<\/strong><\/p>\n\n\n\n<p class=\"has-black-color has-text-color has-link-color wp-elements-c34fd9fe0ddcdfa5c8dbcc4c03ba57f8\">Pour vous inscrire directement en ligne en tant que b\u00e9n\u00e9vole de l\u2019association La Pistouflerie, merci de remplir le formulaire ci-dessous !<\/p>\n\n\n\n<iframe loading=\"lazy\" src=\"https:\/\/docs.google.com\/forms\/d\/e\/1FAIpQLSd6iDvAzXMik3a8w7qvrvovZL507UQnPKuY4JHrakT-YRuaSg\/viewform?embedded=true\" width=\"640\" height=\"1922\" frameborder=\"0\" marginheight=\"0\" marginwidth=\"0\">Chargement\u2026<\/iframe>\n","protected":false},"excerpt":{"rendered":"<p>Vous r\u00eavez de rejoindre notre \u00e9quipe de Pistoufleurs et Pistoufleuses ? Vous avez une super id\u00e9e pour enrichir le lieu &hellip; <\/p>\n","protected":false},"author":1,"featured_media":0,"parent":0,"menu_order":0,"comment_status":"closed","ping_status":"closed","template":"","meta":{"footnotes":""},"class_list":["post-739","page","type-page","status-publish","hentry"],"_links":{"self":[{"href":"https:\/\/lapistouflerie.com\/index.php\/wp-json\/wp\/v2\/pages\/739","targetHints":{"allow":["GET"]}}],"collection":[{"href":"https:\/\/lapistouflerie.com\/index.php\/wp-json\/wp\/v2\/pages"}],"about":[{"href":"https:\/\/lapistouflerie.com\/index.php\/wp-json\/wp\/v2\/types\/page"}],"author":[{"embeddable":true,"href":"https:\/\/lapistouflerie.com\/index.php\/wp-json\/wp\/v2\/users\/1"}],"replies":[{"embeddable":true,"href":"https:\/\/lapistouflerie.com\/index.php\/wp-json\/wp\/v2\/comments?post=739"}],"version-history":[{"count":4,"href":"https:\/\/lapistouflerie.com\/index.php\/wp-json\/wp\/v2\/pages\/739\/revisions"}],"predecessor-version":[{"id":866,"href":"https:\/\/lapistouflerie.com\/index.php\/wp-json\/wp\/v2\/pages\/739\/revisions\/866"}],"wp:attachment":[{"href":"https:\/\/lapistouflerie.com\/index.php\/wp-json\/wp\/v2\/media?parent=739"}],"curies":[{"name":"wp","href":"https:\/\/api.w.org\/{rel}","templated":true}]}}