{"id":76,"date":"2023-12-18T15:28:49","date_gmt":"2023-12-18T14:28:49","guid":{"rendered":"https:\/\/lapistouflerie.com\/?page_id=76"},"modified":"2024-05-27T14:57:28","modified_gmt":"2024-05-27T12:57:28","slug":"contact","status":"publish","type":"page","link":"https:\/\/lapistouflerie.com\/index.php\/contact\/","title":{"rendered":"Contact"},"content":{"rendered":"\n<p class=\"has-text-color has-link-color has-superbfont-large-font-size wp-elements-766f23c0c30b0abae4a0d87350ac254c\" style=\"color:#e71c71\"><strong>Artistes<\/strong><\/p>\n\n\n\n<p class=\"has-black-color has-text-color has-link-color wp-elements-fcb3c037a327294e441b04ba8c21aeb9\">Vous \u00eates un.e artiste ou un groupe et vous aimeriez pr\u00e9senter votre projet \u00e0 La Pistouflerie ? Notre \u00e9quipe de b\u00e9n\u00e9voles d\u00e9di\u00e9.es \u00e0 la programmation \u00e9coute avec attention toutes les propositions artistiques !<\/p>\n\n\n\n<p class=\"has-black-color has-text-color has-link-color wp-elements-f85d68befc974a51223a5354d0889b24\">\u00c9crivez-nous \u00e0 cette adresse : <strong>lapistouflerie@gmail.com<\/strong><\/p>\n\n\n\n<p class=\"has-text-color has-link-color has-superbfont-large-font-size wp-elements-360e6b069d38068ba41fd31596349f2e\" style=\"color:#e71c71\"><strong>Vous souhaitez devenir b\u00e9n\u00e9vole ?<\/strong><\/p>\n\n\n\n<p class=\"has-black-color has-text-color has-link-color wp-elements-b385ad12f743efde55a2da92c9d5ff55\">Vous r\u00eavez de rejoindre notre \u00e9quipe de Pistoufleurs et Pistoufleuses ? Vous avez une super id\u00e9e pour enrichir le lieu ? <\/p>\n\n\n\n<p class=\"has-black-color has-text-color has-link-color wp-elements-51dbb0b1a56c1f244dea8b298a5f9beb\">Contactez Anne-Laure ou Nathalie \u00e0 cette adresse :<strong> lapistouflerie@gmail.com<\/strong><br>Ou vous pouvez remplir le formulaire ci-dessous :<\/p>\n\n\n\n<iframe loading=\"lazy\" src=\"https:\/\/docs.google.com\/forms\/d\/e\/1FAIpQLSd6iDvAzXMik3a8w7qvrvovZL507UQnPKuY4JHrakT-YRuaSg\/viewform?embedded=true\" width=\"640\" height=\"1922\" frameborder=\"0\" marginheight=\"0\" marginwidth=\"0\">Chargement\u2026<\/iframe>\n","protected":false},"excerpt":{"rendered":"<p>Artistes Vous \u00eates un.e artiste ou un groupe et vous aimeriez pr\u00e9senter votre projet \u00e0 La Pistouflerie ? Notre \u00e9quipe &hellip; <\/p>\n","protected":false},"author":1,"featured_media":0,"parent":0,"menu_order":0,"comment_status":"closed","ping_status":"closed","template":"","meta":{"footnotes":""},"class_list":["post-76","page","type-page","status-publish","hentry"],"_links":{"self":[{"href":"https:\/\/lapistouflerie.com\/index.php\/wp-json\/wp\/v2\/pages\/76","targetHints":{"allow":["GET"]}}],"collection":[{"href":"https:\/\/lapistouflerie.com\/index.php\/wp-json\/wp\/v2\/pages"}],"about":[{"href":"https:\/\/lapistouflerie.com\/index.php\/wp-json\/wp\/v2\/types\/page"}],"author":[{"embeddable":true,"href":"https:\/\/lapistouflerie.com\/index.php\/wp-json\/wp\/v2\/users\/1"}],"replies":[{"embeddable":true,"href":"https:\/\/lapistouflerie.com\/index.php\/wp-json\/wp\/v2\/comments?post=76"}],"version-history":[{"count":13,"href":"https:\/\/lapistouflerie.com\/index.php\/wp-json\/wp\/v2\/pages\/76\/revisions"}],"predecessor-version":[{"id":746,"href":"https:\/\/lapistouflerie.com\/index.php\/wp-json\/wp\/v2\/pages\/76\/revisions\/746"}],"wp:attachment":[{"href":"https:\/\/lapistouflerie.com\/index.php\/wp-json\/wp\/v2\/media?parent=76"}],"curies":[{"name":"wp","href":"https:\/\/api.w.org\/{rel}","templated":true}]}}