{"id":78,"date":"2023-12-18T15:29:02","date_gmt":"2023-12-18T14:29:02","guid":{"rendered":"https:\/\/lapistouflerie.com\/?page_id=78"},"modified":"2024-02-12T18:37:01","modified_gmt":"2024-02-12T17:37:01","slug":"nous-trouver","status":"publish","type":"page","link":"https:\/\/lapistouflerie.com\/index.php\/nous-trouver\/","title":{"rendered":"Nous trouver"},"content":{"rendered":"\n<iframe src=\"https:\/\/www.google.com\/maps\/embed?pb=!1m18!1m12!1m3!1d2907.1222164734354!2d0.7897358761544264!3d43.22789717112557!2m3!1f0!2f0!3f0!3m2!1i1024!2i768!4f13.1!3m3!1m2!1s0x12a91c5f9ebf4535%3A0x929504793ff6d1da!2sLa%20Pistouflerie!5e0!3m2!1sfr!2sfr!4v1702924335262!5m2!1sfr!2sfr\" width=\"600\" height=\"450\" style=\"border:0;\" allowfullscreen=\"\" loading=\"lazy\" referrerpolicy=\"no-referrer-when-downgrade\"><\/iframe>\n\n\n\n<p>120-112 Le Village, 31420 Cassagnab\u00e8re-Tournas<\/p>\n\n\n\n<p class=\"has-black-color has-text-color has-link-color wp-elements-2bcfa127788f19bbe60937d15fde1d7a\">Pour venir <a href=\"https:\/\/ul.waze.com\/ul?preview_venue_id=524720.5181667.2275627&amp;navigate=yes&amp;utm_campaign=default&amp;utm_source=waze_website&amp;utm_medium=lm_share_location\" data-type=\"link\" data-id=\"https:\/\/ul.waze.com\/ul?preview_venue_id=524720.5181667.2275627&amp;navigate=yes&amp;utm_campaign=default&amp;utm_source=waze_website&amp;utm_medium=lm_share_location\" target=\"_blank\" rel=\"noreferrer noopener\">avec <strong>Waze<\/strong>, c&rsquo;est par ici !<\/a><br>Avec <a href=\"https:\/\/maps.app.goo.gl\/NoYMm2Hu7EYXVxLw5\" data-type=\"link\" data-id=\"https:\/\/maps.app.goo.gl\/NoYMm2Hu7EYXVxLw5\" target=\"_blank\" rel=\"noreferrer noopener\"><strong>Google Maps<\/strong>, c&rsquo;est par l\u00e0 !<\/a><br>Ou il vous suffit d&rsquo;entrer \u00ab\u00a0La Pistouflerie\u00a0\u00bb dans vos applications de navigation pr\u00e9f\u00e9r\u00e9es pour nous trouver.<\/p>\n\n\n\n<p class=\"has-black-color has-text-color has-link-color wp-elements-adda486eb4d2a113e54cee31c879da35\"><strong>Horaires d&rsquo;ouverture<\/strong><br>Hiver (du 1er octobre au 20 juin) : 19h30 &#8211; Concerts \u00e0 21h<br>\u00c9t\u00e9 (du 21 juin au 30 septembre) : 18h30 &#8211; Concerts \u00e0 19h30<\/p>\n\n\n\n<p class=\"has-black-color has-text-color has-link-color wp-elements-bb61d1818b6001c92f82ef8d68c607c7\"><strong>Bar et restauration sur place <\/strong>(des ardoises gourmandes et locales : des produits de saisons, des fromages et de la charcuterie&#8230; et une option v\u00e9g\u00e9 !)<\/p>\n","protected":false},"excerpt":{"rendered":"<p>120-112 Le Village, 31420 Cassagnab\u00e8re-Tournas Pour venir avec Waze, c&rsquo;est par ici !Avec Google Maps, c&rsquo;est par l\u00e0 !Ou il &hellip; <\/p>\n","protected":false},"author":1,"featured_media":0,"parent":0,"menu_order":0,"comment_status":"closed","ping_status":"closed","template":"","meta":{"footnotes":""},"class_list":["post-78","page","type-page","status-publish","hentry"],"_links":{"self":[{"href":"https:\/\/lapistouflerie.com\/index.php\/wp-json\/wp\/v2\/pages\/78","targetHints":{"allow":["GET"]}}],"collection":[{"href":"https:\/\/lapistouflerie.com\/index.php\/wp-json\/wp\/v2\/pages"}],"about":[{"href":"https:\/\/lapistouflerie.com\/index.php\/wp-json\/wp\/v2\/types\/page"}],"author":[{"embeddable":true,"href":"https:\/\/lapistouflerie.com\/index.php\/wp-json\/wp\/v2\/users\/1"}],"replies":[{"embeddable":true,"href":"https:\/\/lapistouflerie.com\/index.php\/wp-json\/wp\/v2\/comments?post=78"}],"version-history":[{"count":12,"href":"https:\/\/lapistouflerie.com\/index.php\/wp-json\/wp\/v2\/pages\/78\/revisions"}],"predecessor-version":[{"id":479,"href":"https:\/\/lapistouflerie.com\/index.php\/wp-json\/wp\/v2\/pages\/78\/revisions\/479"}],"wp:attachment":[{"href":"https:\/\/lapistouflerie.com\/index.php\/wp-json\/wp\/v2\/media?parent=78"}],"curies":[{"name":"wp","href":"https:\/\/api.w.org\/{rel}","templated":true}]}}